{"id":3550,"date":"2024-08-05T16:31:14","date_gmt":"2024-08-05T07:31:14","guid":{"rendered":"https:\/\/woocommerce-1238861-4783935.cloudwaysapps.com\/?page_id=3550"},"modified":"2026-01-02T18:32:42","modified_gmt":"2026-01-02T09:32:42","slug":"oem-odm","status":"publish","type":"page","link":"https:\/\/kuberscience.com\/es\/oem-odm\/","title":{"rendered":"OEM\/ODM"},"content":{"rendered":"<div data-elementor-type=\"wp-page\" data-elementor-id=\"3550\" class=\"elementor elementor-3550\">\n\t\t\t\t\t\t<section class=\"elementor-section elementor-top-section elementor-element elementor-element-ae248c4 elementor-section-full_width elementor-section-height-default elementor-section-height-default\" data-id=\"ae248c4\" data-element_type=\"section\" data-settings=\"{&quot;background_background&quot;:&quot;classic&quot;}\">\n\t\t\t\t\t\t<div class=\"elementor-container elementor-column-gap-no\">\n\t\t\t\t\t<div class=\"elementor-column elementor-col-100 elementor-top-column elementor-element elementor-element-6b92c4e\" data-id=\"6b92c4e\" data-element_type=\"column\">\n\t\t\t<div class=\"elementor-widget-wrap elementor-element-populated\">\n\t\t\t\t<div class=\"elementor-element elementor-element-3aaaae3 e-con-full e-flex e-con e-parent\" data-id=\"3aaaae3\" data-element_type=\"container\" data-settings=\"{&quot;background_background&quot;:&quot;classic&quot;}\">\n\t\t\t\t<div class=\"elementor-element elementor-element-cb3c223 elementor-widget elementor-widget-ideapark-heading\" data-id=\"cb3c223\" data-element_type=\"widget\" data-widget_type=\"ideapark-heading.default\">\n\t\t\t\t<div class=\"elementor-widget-container\">\n\t\t\t<div class=\"c-ip-heading c-ip-heading--medium c-ip-heading--center c-ip-heading--bullet-hide\"><span class=\"c-ip-heading__inner\">OEM\/ODM<\/span><\/div>\t\t<\/div>\n\t\t\t\t<\/div>\n\t\t\t\t<\/div>\n\t\t\t\t\t<\/div>\n\t\t<\/div>\n\t\t\t\t\t<\/div>\n\t\t<\/section>\n\t\t<div class=\"elementor-element elementor-element-e797517 e-flex e-con-boxed e-con e-parent\" data-id=\"e797517\" data-element_type=\"container\">\n\t\t\t\t\t<div class=\"e-con-inner\">\n\t\t\t\t<div class=\"elementor-element elementor-element-8db70d9 elementor-widget elementor-widget-video\" data-id=\"8db70d9\" data-element_type=\"widget\" data-settings=\"{&quot;youtube_url&quot;:&quot;https:\\\/\\\/youtu.be\\\/L92BCFrShbQ?si=GA6y9ZNrLbUYhoiY&quot;,&quot;video_type&quot;:&quot;youtube&quot;,&quot;controls&quot;:&quot;yes&quot;}\" data-widget_type=\"video.default\">\n\t\t\t\t<div class=\"elementor-widget-container\">\n\t\t\t\t\t<div class=\"elementor-wrapper elementor-open-inline\">\n\t\t\t<div class=\"elementor-video\"><\/div>\t\t<\/div>\n\t\t\t\t<\/div>\n\t\t\t\t<\/div>\n\t\t\t\t<div class=\"elementor-element elementor-element-2480b96 elementor-widget elementor-widget-text-editor\" data-id=\"2480b96\" data-element_type=\"widget\" data-widget_type=\"text-editor.default\">\n\t\t\t\t<div class=\"elementor-widget-container\">\n\t\t\t\t\t\t\t<p>\u00a1Crea tu propia marca con nosotros!<\/p>\t\t\t\t\t\t<\/div>\n\t\t\t\t<\/div>\n\t\t\t\t\t<\/div>\n\t\t\t\t<\/div>\n\t\t<div class=\"elementor-element elementor-element-93473a7 e-flex e-con-boxed e-con e-parent\" data-id=\"93473a7\" data-element_type=\"container\">\n\t\t\t\t\t<div class=\"e-con-inner\">\n\t\t\t\t<div class=\"elementor-element elementor-element-419c4cd elementor-widget elementor-widget-ideapark-heading\" data-id=\"419c4cd\" data-element_type=\"widget\" data-widget_type=\"ideapark-heading.default\">\n\t\t\t\t<div class=\"elementor-widget-container\">\n\t\t\t<div class=\"c-ip-heading c-ip-heading--medium c-ip-heading--center c-ip-heading--bullet-hide\"><span class=\"c-ip-heading__inner\">Soluciones Est\u00e9ticas Costumizadas<\/span><\/div>\t\t<\/div>\n\t\t\t\t<\/div>\n\t\t\t\t<div class=\"elementor-element elementor-element-c475b00 elementor-widget elementor-widget-text-editor\" data-id=\"c475b00\" data-element_type=\"widget\" data-widget_type=\"text-editor.default\">\n\t\t\t\t<div class=\"elementor-widget-container\">\n\t\t\t\t\t\t\t<p class=\" translation-block\">Bas\u00e1ndonos en las \u00faltimas tendencias est\u00e9ticas, desarrollamos continuamente soluciones teniendo en cuenta los requisitos y necesidades de nuestros clientes. Todos los productos est\u00e1n desarrollados con teconlog\u00edas de \u00faltima generaci\u00f3n, abarcando desde el desarrollo de ingredientes y la planificaci\u00f3n del producto hasta el dise\u00f1o de la marca, envase y soluciones a gusto de nuestros clientes.<\/p>\t\t\t\t\t\t<\/div>\n\t\t\t\t<\/div>\n\t\t\t\t<div class=\"elementor-element elementor-element-fe800d2 elementor-widget elementor-widget-text-editor\" data-id=\"fe800d2\" data-element_type=\"widget\" data-widget_type=\"text-editor.default\">\n\t\t\t\t<div class=\"elementor-widget-container\">\n\t\t\t\t\t\t\t<p>Procedimiento OEM<\/p>\t\t\t\t\t\t<\/div>\n\t\t\t\t<\/div>\n\t\t\t\t\t<\/div>\n\t\t\t\t<\/div>\n\t\t<div class=\"elementor-element elementor-element-57f7a28 e-flex e-con-boxed e-con e-parent\" data-id=\"57f7a28\" data-element_type=\"container\">\n\t\t\t\t\t<div class=\"e-con-inner\">\n\t\t\t\t<div class=\"elementor-element elementor-element-db75610 elementor-widget elementor-widget-image\" data-id=\"db75610\" data-element_type=\"widget\" data-widget_type=\"image.default\">\n\t\t\t\t<div class=\"elementor-widget-container\">\n\t\t\t\t\t\t\t\t\t\t\t\t\t<img fetchpriority=\"high\" decoding=\"async\" width=\"4431\" height=\"736\" src=\"https:\/\/kuberscience.com\/wp-content\/uploads\/2024\/10\/om-s.png\" class=\"attachment-full size-full wp-image-3633\" alt=\"\" srcset=\"https:\/\/kuberscience.com\/wp-content\/uploads\/2024\/10\/om-s.png 4431w, https:\/\/kuberscience.com\/wp-content\/uploads\/2024\/10\/om-s-460x76.png 460w, https:\/\/kuberscience.com\/wp-content\/uploads\/2024\/10\/om-s-1520x252.png 1520w, https:\/\/kuberscience.com\/wp-content\/uploads\/2024\/10\/om-s-760x126.png 760w, https:\/\/kuberscience.com\/wp-content\/uploads\/2024\/10\/om-s-18x3.png 18w, https:\/\/kuberscience.com\/wp-content\/uploads\/2024\/10\/om-s-920x153.png 920w, https:\/\/kuberscience.com\/wp-content\/uploads\/2024\/10\/om-s-873x145.png 873w, https:\/\/kuberscience.com\/wp-content\/uploads\/2024\/10\/om-s-1746x290.png 1746w\" sizes=\"(max-width: 4431px) 100vw, 4431px\" \/>\t\t\t\t\t\t\t\t\t\t\t\t\t<\/div>\n\t\t\t\t<\/div>\n\t\t\t\t\t<\/div>\n\t\t\t\t<\/div>\n\t\t<div class=\"elementor-element elementor-element-20718d2 e-flex e-con-boxed e-con e-parent\" data-id=\"20718d2\" data-element_type=\"container\">\n\t\t\t\t\t<div class=\"e-con-inner\">\n\t\t\t\t<div class=\"elementor-element elementor-element-60f8ac5 elementor-widget elementor-widget-text-editor\" data-id=\"60f8ac5\" data-element_type=\"widget\" data-widget_type=\"text-editor.default\">\n\t\t\t\t<div class=\"elementor-widget-container\">\n\t\t\t\t\t\t\t<p>Procedimiento ODM<\/p>\t\t\t\t\t\t<\/div>\n\t\t\t\t<\/div>\n\t\t\t\t\t<\/div>\n\t\t\t\t<\/div>\n\t\t<div class=\"elementor-element elementor-element-a3047e1 e-flex e-con-boxed e-con e-parent\" data-id=\"a3047e1\" data-element_type=\"container\">\n\t\t\t\t\t<div class=\"e-con-inner\">\n\t\t\t\t<div class=\"elementor-element elementor-element-8551982 elementor-widget elementor-widget-image\" data-id=\"8551982\" data-element_type=\"widget\" data-widget_type=\"image.default\">\n\t\t\t\t<div class=\"elementor-widget-container\">\n\t\t\t\t\t\t\t\t\t\t\t\t\t<img decoding=\"async\" width=\"5695\" height=\"736\" src=\"https:\/\/kuberscience.com\/wp-content\/uploads\/2024\/10\/om2-s.png\" class=\"attachment-full size-full wp-image-4177\" alt=\"\" srcset=\"https:\/\/kuberscience.com\/wp-content\/uploads\/2024\/10\/om2-s.png 5695w, https:\/\/kuberscience.com\/wp-content\/uploads\/2024\/10\/om2-s-460x59.png 460w, https:\/\/kuberscience.com\/wp-content\/uploads\/2024\/10\/om2-s-1520x196.png 1520w, https:\/\/kuberscience.com\/wp-content\/uploads\/2024\/10\/om2-s-760x98.png 760w, https:\/\/kuberscience.com\/wp-content\/uploads\/2024\/10\/om2-s-18x2.png 18w, https:\/\/kuberscience.com\/wp-content\/uploads\/2024\/10\/om2-s-920x119.png 920w, https:\/\/kuberscience.com\/wp-content\/uploads\/2024\/10\/om2-s-1122x145.png 1122w\" sizes=\"(max-width: 5695px) 100vw, 5695px\" \/>\t\t\t\t\t\t\t\t\t\t\t\t\t<\/div>\n\t\t\t\t<\/div>\n\t\t\t\t\t<\/div>\n\t\t\t\t<\/div>\n\t\t<div class=\"elementor-element elementor-element-e71f445 e-flex e-con-boxed e-con e-parent\" data-id=\"e71f445\" data-element_type=\"container\">\n\t\t\t\t\t<div class=\"e-con-inner\">\n\t\t\t\t<div class=\"elementor-element elementor-element-b3178b2 elementor-align-center elementor-widget elementor-widget-ideapark-button\" data-id=\"b3178b2\" data-element_type=\"widget\" data-widget_type=\"ideapark-button.default\">\n\t\t\t\t<div class=\"elementor-widget-container\">\n\t\t\t\t\t<div class=\"c-ip-button__wrap\">\n\t\t\t<a href=\"https:\/\/kuberscience.com\/es\/contact-us\/\" class=\"c-button c-ip-button c-button--default\" role=\"button\">\n\t\t\t\t\t\t\t\t<span class=\"c-ip-button__text\">Enviar Consulta<\/span>\n\t\t\t\t\t\t\t<\/a>\n\t\t<\/div>\n\t\t\t\t<\/div>\n\t\t\t\t<\/div>\n\t\t\t\t\t<\/div>\n\t\t\t\t<\/div>\n\t\t\t\t<\/div>","protected":false},"excerpt":{"rendered":"<p>OEM\/ODM https:\/\/youtu.be\/L92BCFrShbQ?si=GA6y9ZNrLbUYhoiY Build your own aesthetic brand with us! Customized Aesthetic Solutions Based on the latest aesthetic trend,&hellip;<\/p>","protected":false},"author":1,"featured_media":0,"parent":0,"menu_order":0,"comment_status":"closed","ping_status":"closed","template":"elementor_header_footer","meta":{"footnotes":""},"class_list":["post-3550","page","type-page","status-publish","hentry"],"_links":{"self":[{"href":"https:\/\/kuberscience.com\/es\/wp-json\/wp\/v2\/pages\/3550"}],"collection":[{"href":"https:\/\/kuberscience.com\/es\/wp-json\/wp\/v2\/pages"}],"about":[{"href":"https:\/\/kuberscience.com\/es\/wp-json\/wp\/v2\/types\/page"}],"author":[{"embeddable":true,"href":"https:\/\/kuberscience.com\/es\/wp-json\/wp\/v2\/users\/1"}],"replies":[{"embeddable":true,"href":"https:\/\/kuberscience.com\/es\/wp-json\/wp\/v2\/comments?post=3550"}],"version-history":[{"count":97,"href":"https:\/\/kuberscience.com\/es\/wp-json\/wp\/v2\/pages\/3550\/revisions"}],"predecessor-version":[{"id":6439,"href":"https:\/\/kuberscience.com\/es\/wp-json\/wp\/v2\/pages\/3550\/revisions\/6439"}],"wp:attachment":[{"href":"https:\/\/kuberscience.com\/es\/wp-json\/wp\/v2\/media?parent=3550"}],"curies":[{"name":"wp","href":"https:\/\/api.w.org\/{rel}","templated":true}]}}