{"id":3464,"date":"2024-08-05T11:47:56","date_gmt":"2024-08-05T02:47:56","guid":{"rendered":"https:\/\/woocommerce-1238861-4783935.cloudwaysapps.com\/?page_id=3464"},"modified":"2026-01-02T17:01:56","modified_gmt":"2026-01-02T08:01:56","slug":"rd","status":"publish","type":"page","link":"https:\/\/kuberscience.com\/es\/rd\/","title":{"rendered":"I+D"},"content":{"rendered":"<div data-elementor-type=\"wp-page\" data-elementor-id=\"3464\" class=\"elementor elementor-3464\">\n\t\t\t\t\t\t<section class=\"elementor-section elementor-top-section elementor-element elementor-element-ae248c4 elementor-section-full_width elementor-section-height-default elementor-section-height-default\" data-id=\"ae248c4\" data-element_type=\"section\" data-settings=\"{&quot;background_background&quot;:&quot;classic&quot;}\">\n\t\t\t\t\t\t<div class=\"elementor-container elementor-column-gap-no\">\n\t\t\t\t\t<div class=\"elementor-column elementor-col-100 elementor-top-column elementor-element elementor-element-6b92c4e\" data-id=\"6b92c4e\" data-element_type=\"column\">\n\t\t\t<div class=\"elementor-widget-wrap elementor-element-populated\">\n\t\t\t\t<div class=\"elementor-element elementor-element-3aaaae3 e-con-full e-flex e-con e-parent\" data-id=\"3aaaae3\" data-element_type=\"container\" data-settings=\"{&quot;background_background&quot;:&quot;classic&quot;}\">\n\t\t\t\t<div class=\"elementor-element elementor-element-cb3c223 elementor-widget elementor-widget-ideapark-heading\" data-id=\"cb3c223\" data-element_type=\"widget\" data-widget_type=\"ideapark-heading.default\">\n\t\t\t\t<div class=\"elementor-widget-container\">\n\t\t\t<div class=\"c-ip-heading c-ip-heading--medium c-ip-heading--center c-ip-heading--bullet-hide\"><span class=\"c-ip-heading__inner\">I + D<\/span><\/div>\t\t<\/div>\n\t\t\t\t<\/div>\n\t\t\t\t<\/div>\n\t\t\t\t\t<\/div>\n\t\t<\/div>\n\t\t\t\t\t<\/div>\n\t\t<\/section>\n\t\t\t\t<section class=\"elementor-section elementor-top-section elementor-element elementor-element-d5aa12f h-banner-1 elementor-section-boxed elementor-section-height-default elementor-section-height-default\" data-id=\"d5aa12f\" data-element_type=\"section\" data-settings=\"{&quot;background_background&quot;:&quot;classic&quot;}\">\n\t\t\t\t\t\t<div class=\"elementor-container elementor-column-gap-no\">\n\t\t\t\t\t<div class=\"elementor-column elementor-col-50 elementor-top-column elementor-element elementor-element-b62dc98 h-banner-1__column-left\" data-id=\"b62dc98\" data-element_type=\"column\" data-settings=\"{&quot;background_background&quot;:&quot;classic&quot;}\">\n\t\t\t<div class=\"elementor-widget-wrap elementor-element-populated\">\n\t\t\t\t\t\t<div class=\"elementor-element elementor-element-9661e9e elementor-widget elementor-widget-spacer\" data-id=\"9661e9e\" data-element_type=\"widget\" data-widget_type=\"spacer.default\">\n\t\t\t\t<div class=\"elementor-widget-container\">\n\t\t\t\t\t<div class=\"elementor-spacer\">\n\t\t\t<div class=\"elementor-spacer-inner\"><\/div>\n\t\t<\/div>\n\t\t\t\t<\/div>\n\t\t\t\t<\/div>\n\t\t\t\t\t<\/div>\n\t\t<\/div>\n\t\t\t\t<div class=\"elementor-column elementor-col-50 elementor-top-column elementor-element elementor-element-c6794bc\" data-id=\"c6794bc\" data-element_type=\"column\" data-settings=\"{&quot;background_background&quot;:&quot;classic&quot;}\">\n\t\t\t<div class=\"elementor-widget-wrap elementor-element-populated\">\n\t\t\t\t\t\t<div class=\"elementor-element elementor-element-c2649d2 elementor-widget elementor-widget-ideapark-heading\" data-id=\"c2649d2\" data-element_type=\"widget\" data-widget_type=\"ideapark-heading.default\">\n\t\t\t\t<div class=\"elementor-widget-container\">\n\t\t\t<div class=\"c-ip-heading c-ip-heading--small c-ip-heading--center c-ip-heading--bullet-after\"><span class=\"c-ip-heading__inner\">I + D<\/span><\/div>\t\t<\/div>\n\t\t\t\t<\/div>\n\t\t\t\t<div class=\"elementor-element elementor-element-29ffde5 elementor-widget elementor-widget-ideapark-heading\" data-id=\"29ffde5\" data-element_type=\"widget\" data-widget_type=\"ideapark-heading.default\">\n\t\t\t\t<div class=\"elementor-widget-container\">\n\t\t\t<div class=\"c-ip-heading c-ip-heading--medium c-ip-heading--center c-ip-heading--bullet-hide\"><span class=\"c-ip-heading__inner\">Instituto de Investigaci\u00f3n Tecnol\u00f3gica<\/span><\/div>\t\t<\/div>\n\t\t\t\t<\/div>\n\t\t\t\t<div class=\"elementor-element elementor-element-90893ef elementor-widget elementor-widget-ideapark-heading\" data-id=\"90893ef\" data-element_type=\"widget\" data-widget_type=\"ideapark-heading.default\">\n\t\t\t\t<div class=\"elementor-widget-container\">\n\t\t\t<div class=\"c-ip-heading c-ip-heading--default c-ip-heading--left c-ip-heading--bullet-hide\"><span class=\"c-ip-heading__inner\">Ofrecemos tecnolog\u00edas de vanguardia para el procesamiento de dispositivos m\u00e9dicos invirtiendo en investigaci\u00f3n y desarrollo. Nuestro enfoque esta puesto tambi\u00e9n en fomentar talentos de alto nivel para impulsar la innovaci\u00f3n y la excelencia en el campo de la dermatolog\u00eda y el cuidado de la piel.<br \/>\n<br \/>\nNos esforzaremos continuamente por asegurar y mejorar nuestra tecnolog\u00eda, para conseguir nuestro fin de crecer como empresa innovadora en el sector de la belleza m\u00e9dica.<\/span><\/div>\t\t<\/div>\n\t\t\t\t<\/div>\n\t\t\t\t\t<\/div>\n\t\t<\/div>\n\t\t\t\t\t<\/div>\n\t\t<\/section>\n\t\t<div class=\"elementor-element elementor-element-3a1b64b e-flex e-con-boxed e-con e-parent\" data-id=\"3a1b64b\" data-element_type=\"container\">\n\t\t\t\t\t<div class=\"e-con-inner\">\n\t\t\t\t<div class=\"elementor-element elementor-element-7b62e5b elementor-widget elementor-widget-ideapark-image-list-1\" data-id=\"7b62e5b\" data-element_type=\"widget\" data-widget_type=\"ideapark-image-list-1.default\">\n\t\t\t\t<div class=\"elementor-widget-container\">\n\t\t\t\t\t<div class=\"c-ip-image-list-1 c-ip-image-list-1--grid\">\n\t\t\t<div class=\"c-ip-image-list-1__wrap c-ip-image-list-1__wrap--grid\">\n\t\t\t\t<div class=\"c-ip-image-list-1__list c-ip-image-list-1__list--grid\">\n\t\t\t\t\t\t\t\t\t\t\t<div class=\"c-ip-image-list-1__item c-ip-image-list-1__item--grid\">\n\t\t\t\t\t\t\t\t\t\t\t\t\t\t\t\t\t\t\t\t\t\t<div class=\"c-ip-image-list-1__thumb\">\n\t\t\t\t\t\t\t\t<img loading=\"lazy\" decoding=\"async\" class=\"c-ip-image-list-1__image\" width=\"115\" height=\"115\" src=\"https:\/\/kuberscience.com\/wp-content\/uploads\/2024\/08\/about-i1-115x115.png\" srcset=\"https:\/\/kuberscience.com\/wp-content\/uploads\/2024\/08\/about-i1-115x115.png 115w, https:\/\/kuberscience.com\/wp-content\/uploads\/2024\/08\/about-i1-50x50.png 50w, https:\/\/kuberscience.com\/wp-content\/uploads\/2024\/08\/about-i1-100x100.png 100w\" sizes=\"(max-width: 115px) 100vw, 115px\" alt=\"about-i1\"\/>\t\t\t\t\t\t\t\t<\/div>\n\t\t\t\t\t\t\t\t\t\t\t\t\t\t\t\t\t<div class=\"c-ip-image-list-1__title\">Desarrollo de Materiales<\/div>\n\t\t\t\t\t\t\t\t\t\t\t\t\t\t\t\t\t\t\t\t\t\t<\/div>\n\t\t\t\t\t\t\t\t\t\t\t<div class=\"c-ip-image-list-1__item c-ip-image-list-1__item--grid\">\n\t\t\t\t\t\t\t\t\t\t\t\t\t\t\t\t\t\t\t\t\t\t<div class=\"c-ip-image-list-1__thumb\">\n\t\t\t\t\t\t\t\t<img loading=\"lazy\" decoding=\"async\" class=\"c-ip-image-list-1__image\" width=\"115\" height=\"115\" src=\"https:\/\/kuberscience.com\/wp-content\/uploads\/2024\/08\/about-i2-115x115.png\" srcset=\"https:\/\/kuberscience.com\/wp-content\/uploads\/2024\/08\/about-i2-115x115.png 115w, https:\/\/kuberscience.com\/wp-content\/uploads\/2024\/08\/about-i2-50x50.png 50w, https:\/\/kuberscience.com\/wp-content\/uploads\/2024\/08\/about-i2-100x100.png 100w\" sizes=\"(max-width: 115px) 100vw, 115px\" alt=\"about-i2\"\/>\t\t\t\t\t\t\t\t<\/div>\n\t\t\t\t\t\t\t\t\t\t\t\t\t\t\t\t\t<div class=\"c-ip-image-list-1__title\">Tratamiento<\/div>\n\t\t\t\t\t\t\t\t\t\t\t\t\t\t\t\t\t\t\t\t\t\t<\/div>\n\t\t\t\t\t\t\t\t\t\t\t<div class=\"c-ip-image-list-1__item c-ip-image-list-1__item--grid\">\n\t\t\t\t\t\t\t\t\t\t\t\t\t\t\t\t\t\t\t\t\t\t<div class=\"c-ip-image-list-1__thumb\">\n\t\t\t\t\t\t\t\t<img loading=\"lazy\" decoding=\"async\" class=\"c-ip-image-list-1__image\" width=\"115\" height=\"115\" src=\"https:\/\/kuberscience.com\/wp-content\/uploads\/2024\/08\/about-i3-115x115.png\" srcset=\"https:\/\/kuberscience.com\/wp-content\/uploads\/2024\/08\/about-i3-115x115.png 115w, https:\/\/kuberscience.com\/wp-content\/uploads\/2024\/08\/about-i3-50x50.png 50w, https:\/\/kuberscience.com\/wp-content\/uploads\/2024\/08\/about-i3-100x100.png 100w\" sizes=\"(max-width: 115px) 100vw, 115px\" alt=\"about-i3\"\/>\t\t\t\t\t\t\t\t<\/div>\n\t\t\t\t\t\t\t\t\t\t\t\t\t\t\t\t\t<div class=\"c-ip-image-list-1__title\">Desarrollo de Formulaciones<\/div>\n\t\t\t\t\t\t\t\t\t\t\t\t\t\t\t\t\t\t\t\t\t\t<\/div>\n\t\t\t\t\t\t\t\t\t<\/div>\n\t\t\t<\/div>\n\t\t<\/div>\n\t\t\t\t<\/div>\n\t\t\t\t<\/div>\n\t\t\t\t\t<\/div>\n\t\t\t\t<\/div>\n\t\t\t\t<section class=\"elementor-section elementor-top-section elementor-element elementor-element-1e71e79 elementor-section-boxed elementor-section-height-default elementor-section-height-default\" data-id=\"1e71e79\" data-element_type=\"section\">\n\t\t\t\t\t\t<div class=\"elementor-container elementor-column-gap-no\">\n\t\t\t\t\t<div class=\"elementor-column elementor-col-100 elementor-top-column elementor-element elementor-element-e36121a\" data-id=\"e36121a\" data-element_type=\"column\">\n\t\t\t<div class=\"elementor-widget-wrap elementor-element-populated\">\n\t\t\t\t\t\t<div class=\"elementor-element elementor-element-2320623 elementor-widget elementor-widget-ideapark-team\" data-id=\"2320623\" data-element_type=\"widget\" data-widget_type=\"ideapark-team.default\">\n\t\t\t\t<div class=\"elementor-widget-container\">\n\t\t\t\t\t<div class=\"c-ip-team c-ip-team--layout-2\">\n\t\t\t<div class=\"c-ip-team__wrap c-ip-team__wrap--layout-2\">\n\t\t\t\t<div\n\t\t\t\t\tclass=\"c-ip-team__list c-ip-team__list--layout-2 c-ip-team__list--grid\">\n\t\t\t\t\t\n\t\t\t\t\t\t\n\t\t\t\t\t\t<div class=\"c-ip-team__item c-ip-team__item--layout-2\">\n\t\t\t\t\t\t\t<div\n\t\t\t\t\t\t\t\tclass=\"c-ip-team__thumb-wrap c-ip-team__thumb-wrap--layout-2\">\n\t\t\t\t\t\t\t\t\t\t\t\t\t\t\t\t\t<img loading=\"lazy\" decoding=\"async\" class=\"c-ip-team__image\" width=\"460\" height=\"335\" src=\"https:\/\/kuberscience.com\/wp-content\/uploads\/2024\/08\/national-cancer-institute-KMvoHcB-w5g-unsplash-460x335.jpg\" srcset=\"https:\/\/kuberscience.com\/wp-content\/uploads\/2024\/08\/national-cancer-institute-KMvoHcB-w5g-unsplash-460x335.jpg 460w, https:\/\/kuberscience.com\/wp-content\/uploads\/2024\/08\/national-cancer-institute-KMvoHcB-w5g-unsplash-1520x1105.jpg 1520w, https:\/\/kuberscience.com\/wp-content\/uploads\/2024\/08\/national-cancer-institute-KMvoHcB-w5g-unsplash-760x553.jpg 760w, https:\/\/kuberscience.com\/wp-content\/uploads\/2024\/08\/national-cancer-institute-KMvoHcB-w5g-unsplash-920x669.jpg 920w, https:\/\/kuberscience.com\/wp-content\/uploads\/2024\/08\/national-cancer-institute-KMvoHcB-w5g-unsplash-199x145.jpg 199w, https:\/\/kuberscience.com\/wp-content\/uploads\/2024\/08\/national-cancer-institute-KMvoHcB-w5g-unsplash-399x290.jpg 399w\" sizes=\"(max-width: 460px) 100vw, 460px\" alt=\"national-cancer-institute-KMvoHcB-w5g-unsplash\"\/>\t\t\t\t\t\t\t\t\t\t\t\t\t\t\t\t<\/div>\n\n\t\t\t\t\t\t\t<div class=\"c-ip-team__content\">\n\t\t\t\t\t\t\t\t\t\t\t\t\t\t\t\t\t\t\t\t\t\t\t\t\t\t\t<div class=\"c-ip-team__name\">Injectable Medical Devices Manufacturer<\/div>\n\t\t\t\t\t\t\t\t\t\t\t\t\t\t\t\t\t\t\t\t\t\t\t\t\t\t\t\t\t\t\t\t\t\t\t\t\t\t\t\t\t\t\t<div class=\"c-ip-team__description\">\u00b7 Research & Development\n\u00b7 Lyophilized powder preparation\n\u00b7 OEM Development<\/div>\n\t\t\t\t\t\t\t\t\t\t\t\t\t\t\t\t\t\t\t\t\t\t\t\t\t\t\t\t\t\t\t\t\t\t\t\t\t\t\t<\/div>\n\n\t\t\t\t\t\t<\/div>\n\t\t\t\t\t\t\n\t\t\t\t\t\t\n\t\t\t\t\t\t<div class=\"c-ip-team__item c-ip-team__item--layout-2\">\n\t\t\t\t\t\t\t<div\n\t\t\t\t\t\t\t\tclass=\"c-ip-team__thumb-wrap c-ip-team__thumb-wrap--layout-2\">\n\t\t\t\t\t\t\t\t\t\t\t\t\t\t\t\t\t<img loading=\"lazy\" decoding=\"async\" class=\"c-ip-team__image\" width=\"460\" height=\"575\" src=\"https:\/\/kuberscience.com\/wp-content\/uploads\/2024\/08\/enecta-cannabis-extracts-80wCkpt-IKE-unsplash-460x575.jpg\" srcset=\"https:\/\/kuberscience.com\/wp-content\/uploads\/2024\/08\/enecta-cannabis-extracts-80wCkpt-IKE-unsplash-460x575.jpg 460w, https:\/\/kuberscience.com\/wp-content\/uploads\/2024\/08\/enecta-cannabis-extracts-80wCkpt-IKE-unsplash-1520x1900.jpg 1520w, https:\/\/kuberscience.com\/wp-content\/uploads\/2024\/08\/enecta-cannabis-extracts-80wCkpt-IKE-unsplash-760x950.jpg 760w, https:\/\/kuberscience.com\/wp-content\/uploads\/2024\/08\/enecta-cannabis-extracts-80wCkpt-IKE-unsplash-920x1150.jpg 920w, https:\/\/kuberscience.com\/wp-content\/uploads\/2024\/08\/enecta-cannabis-extracts-80wCkpt-IKE-unsplash-116x145.jpg 116w, https:\/\/kuberscience.com\/wp-content\/uploads\/2024\/08\/enecta-cannabis-extracts-80wCkpt-IKE-unsplash-232x290.jpg 232w\" sizes=\"(max-width: 460px) 100vw, 460px\" alt=\"enecta-cannabis-extracts-80wCkpt-IKE-unsplash\"\/>\t\t\t\t\t\t\t\t\t\t\t\t\t\t\t\t<\/div>\n\n\t\t\t\t\t\t\t<div class=\"c-ip-team__content\">\n\t\t\t\t\t\t\t\t\t\t\t\t\t\t\t\t\t\t\t\t\t\t\t\t\t\t\t<div class=\"c-ip-team__name\">Skincare Cosmetic Manufacturer<\/div>\n\t\t\t\t\t\t\t\t\t\t\t\t\t\t\t\t\t\t\t\t\t\t\t\t\t\t\t\t\t\t\t\t\t\t\t\t\t\t\t\t\t\t\t<div class=\"c-ip-team__description\">\u00b7 Research & Development\n\u00b7 OEM Development<\/div>\n\t\t\t\t\t\t\t\t\t\t\t\t\t\t\t\t\t\t\t\t\t\t\t\t\t\t\t\t\t\t\t\t\t\t\t\t\t\t\t<\/div>\n\n\t\t\t\t\t\t<\/div>\n\t\t\t\t\t\t\n\t\t\t\t\t\t\n\t\t\t\t\t\t<div class=\"c-ip-team__item c-ip-team__item--layout-2\">\n\t\t\t\t\t\t\t<div\n\t\t\t\t\t\t\t\tclass=\"c-ip-team__thumb-wrap c-ip-team__thumb-wrap--layout-2\">\n\t\t\t\t\t\t\t\t\t\t\t\t\t\t\t\t\t<img loading=\"lazy\" decoding=\"async\" class=\"c-ip-team__image\" width=\"460\" height=\"575\" src=\"https:\/\/kuberscience.com\/wp-content\/uploads\/2026\/01\/pc0040624707-460x575.jpg\" srcset=\"https:\/\/kuberscience.com\/wp-content\/uploads\/2026\/01\/pc0040624707-460x575.jpg 460w, https:\/\/kuberscience.com\/wp-content\/uploads\/2026\/01\/pc0040624707-760x950.jpg 760w, https:\/\/kuberscience.com\/wp-content\/uploads\/2026\/01\/pc0040624707-10x12.jpg 10w, https:\/\/kuberscience.com\/wp-content\/uploads\/2026\/01\/pc0040624707-920x1150.jpg 920w, https:\/\/kuberscience.com\/wp-content\/uploads\/2026\/01\/pc0040624707-116x145.jpg 116w, https:\/\/kuberscience.com\/wp-content\/uploads\/2026\/01\/pc0040624707-232x290.jpg 232w, https:\/\/kuberscience.com\/wp-content\/uploads\/2026\/01\/pc0040624707.jpg 1200w\" sizes=\"(max-width: 460px) 100vw, 460px\" alt=\"pc0040624707\"\/>\t\t\t\t\t\t\t\t\t\t\t\t\t\t\t\t<\/div>\n\n\t\t\t\t\t\t\t<div class=\"c-ip-team__content\">\n\t\t\t\t\t\t\t\t\t\t\t\t\t\t\t\t\t\t\t\t\t\t\t\t\t\t\t<div class=\"c-ip-team__name\">New Material Development<\/div>\n\t\t\t\t\t\t\t\t\t\t\t\t\t\t\t\t\t\t\t\t\t\t\t\t\t\t\t\t\t\t\t\t\t\t\t\t\t\t\t\t\t\t\t<div class=\"c-ip-team__description\">\u00b7 Development of aesthetic medical devices\nthrough new material technology\n\u00b7 Development of new materials for medical\ndevices and cosmetics<\/div>\n\t\t\t\t\t\t\t\t\t\t\t\t\t\t\t\t\t\t\t\t\t\t\t\t\t\t\t\t\t\t\t\t\t\t\t\t\t\t\t<\/div>\n\n\t\t\t\t\t\t<\/div>\n\t\t\t\t\t\t\t\t\t\t<\/div>\n\t\t\t<\/div>\n\t\t<\/div>\n\t\t\t\t<\/div>\n\t\t\t\t<\/div>\n\t\t\t\t\t<\/div>\n\t\t<\/div>\n\t\t\t\t\t<\/div>\n\t\t<\/section>\n\t\t<div class=\"elementor-element elementor-element-dbf316b e-flex e-con-boxed e-con e-parent\" data-id=\"dbf316b\" data-element_type=\"container\">\n\t\t\t\t\t<div class=\"e-con-inner\">\n\t\t\t\t<div class=\"elementor-element elementor-element-b3d23eb elementor-widget elementor-widget-ideapark-heading\" data-id=\"b3d23eb\" data-element_type=\"widget\" data-widget_type=\"ideapark-heading.default\">\n\t\t\t\t<div class=\"elementor-widget-container\">\n\t\t\t<div class=\"c-ip-heading c-ip-heading--small c-ip-heading--center c-ip-heading--bullet-hide\"><span class=\"c-ip-heading__inner\">Certificaciones<\/span><\/div>\t\t<\/div>\n\t\t\t\t<\/div>\n\t\t\t\t\t<\/div>\n\t\t\t\t<\/div>\n\t\t<div class=\"elementor-element elementor-element-47a49a7 e-flex e-con-boxed e-con e-parent\" data-id=\"47a49a7\" data-element_type=\"container\">\n\t\t\t\t\t<div class=\"e-con-inner\">\n\t\t\t\t<div class=\"elementor-element elementor-element-69f1bd2 elementor-widget elementor-widget-image\" data-id=\"69f1bd2\" data-element_type=\"widget\" data-widget_type=\"image.default\">\n\t\t\t\t<div class=\"elementor-widget-container\">\n\t\t\t\t\t\t\t\t\t\t\t\t\t<img fetchpriority=\"high\" decoding=\"async\" width=\"1151\" height=\"760\" src=\"https:\/\/kuberscience.com\/wp-content\/uploads\/2026\/01\/\uc2a4\ud06c\ub9b0\uc0f7-2026-01-02-165946.png\" class=\"attachment-large size-large wp-image-6368\" alt=\"\" srcset=\"https:\/\/kuberscience.com\/wp-content\/uploads\/2026\/01\/\uc2a4\ud06c\ub9b0\uc0f7-2026-01-02-165946.png 1151w, https:\/\/kuberscience.com\/wp-content\/uploads\/2026\/01\/\uc2a4\ud06c\ub9b0\uc0f7-2026-01-02-165946-460x304.png 460w, https:\/\/kuberscience.com\/wp-content\/uploads\/2026\/01\/\uc2a4\ud06c\ub9b0\uc0f7-2026-01-02-165946-760x502.png 760w, https:\/\/kuberscience.com\/wp-content\/uploads\/2026\/01\/\uc2a4\ud06c\ub9b0\uc0f7-2026-01-02-165946-18x12.png 18w, https:\/\/kuberscience.com\/wp-content\/uploads\/2026\/01\/\uc2a4\ud06c\ub9b0\uc0f7-2026-01-02-165946-920x607.png 920w, https:\/\/kuberscience.com\/wp-content\/uploads\/2026\/01\/\uc2a4\ud06c\ub9b0\uc0f7-2026-01-02-165946-220x145.png 220w, https:\/\/kuberscience.com\/wp-content\/uploads\/2026\/01\/\uc2a4\ud06c\ub9b0\uc0f7-2026-01-02-165946-439x290.png 439w\" sizes=\"(max-width: 1151px) 100vw, 1151px\" \/>\t\t\t\t\t\t\t\t\t\t\t\t\t<\/div>\n\t\t\t\t<\/div>\n\t\t\t\t\t<\/div>\n\t\t\t\t<\/div>\n\t\t\t\t<\/div>","protected":false},"excerpt":{"rendered":"<p>R&#038;D R &#038; D Technology Research Institute We offer cutting-edge technologies for processing medical devices and are dedicated&hellip;<\/p>","protected":false},"author":1,"featured_media":0,"parent":0,"menu_order":0,"comment_status":"closed","ping_status":"closed","template":"elementor_header_footer","meta":{"footnotes":""},"class_list":["post-3464","page","type-page","status-publish","hentry"],"_links":{"self":[{"href":"https:\/\/kuberscience.com\/es\/wp-json\/wp\/v2\/pages\/3464"}],"collection":[{"href":"https:\/\/kuberscience.com\/es\/wp-json\/wp\/v2\/pages"}],"about":[{"href":"https:\/\/kuberscience.com\/es\/wp-json\/wp\/v2\/types\/page"}],"author":[{"embeddable":true,"href":"https:\/\/kuberscience.com\/es\/wp-json\/wp\/v2\/users\/1"}],"replies":[{"embeddable":true,"href":"https:\/\/kuberscience.com\/es\/wp-json\/wp\/v2\/comments?post=3464"}],"version-history":[{"count":59,"href":"https:\/\/kuberscience.com\/es\/wp-json\/wp\/v2\/pages\/3464\/revisions"}],"predecessor-version":[{"id":6374,"href":"https:\/\/kuberscience.com\/es\/wp-json\/wp\/v2\/pages\/3464\/revisions\/6374"}],"wp:attachment":[{"href":"https:\/\/kuberscience.com\/es\/wp-json\/wp\/v2\/media?parent=3464"}],"curies":[{"name":"wp","href":"https:\/\/api.w.org\/{rel}","templated":true}]}}